{"id":13,"date":"2021-12-02T15:50:45","date_gmt":"2021-12-02T15:50:45","guid":{"rendered":"https:\/\/floremenlumber.com\/?page_id=13"},"modified":"2024-05-03T22:15:20","modified_gmt":"2024-05-03T22:15:20","slug":"our-market","status":"publish","type":"page","link":"https:\/\/floremenlumber.com\/es\/our-market\/","title":{"rendered":"Nuestro Mercado"},"content":{"rendered":"<div data-elementor-type=\"wp-page\" data-elementor-id=\"13\" class=\"elementor elementor-13\">\n\t\t\t\t\t\t<section class=\"elementor-section elementor-top-section elementor-element elementor-element-32ceef6 elementor-section-height-min-height elementor-section-boxed elementor-section-height-default elementor-section-items-middle\" data-id=\"32ceef6\" data-element_type=\"section\" data-settings=\"{&quot;background_background&quot;:&quot;classic&quot;}\">\n\t\t\t\t\t\t\t<div class=\"elementor-background-overlay\"><\/div>\n\t\t\t\t\t\t\t<div class=\"elementor-container elementor-column-gap-default\">\n\t\t\t\t\t<div class=\"elementor-column elementor-col-100 elementor-top-column elementor-element elementor-element-2bfa3b7\" data-id=\"2bfa3b7\" data-element_type=\"column\">\n\t\t\t<div class=\"elementor-widget-wrap elementor-element-populated\">\n\t\t\t\t\t\t<div class=\"elementor-element elementor-element-0501fe3 elementor-widget elementor-widget-text-editor\" data-id=\"0501fe3\" data-element_type=\"widget\" data-widget_type=\"text-editor.default\">\n\t\t\t\t<div class=\"elementor-widget-container\">\n\t\t\t\t\t\t\t\t\t<p>Nuestro Mercado<\/p>\t\t\t\t\t\t\t\t<\/div>\n\t\t\t\t<\/div>\n\t\t\t\t\t<\/div>\n\t\t<\/div>\n\t\t\t\t\t<\/div>\n\t\t<\/section>\n\t\t\t\t<section class=\"elementor-section elementor-top-section elementor-element elementor-element-8312eeb elementor-section-boxed elementor-section-height-default elementor-section-height-default\" data-id=\"8312eeb\" data-element_type=\"section\">\n\t\t\t\t\t\t<div class=\"elementor-container elementor-column-gap-default\">\n\t\t\t\t\t<div class=\"elementor-column elementor-col-100 elementor-top-column elementor-element elementor-element-bd3844d\" data-id=\"bd3844d\" data-element_type=\"column\">\n\t\t\t<div class=\"elementor-widget-wrap elementor-element-populated\">\n\t\t\t\t\t\t<div class=\"elementor-element elementor-element-4a2951c elementor-widget elementor-widget-spacer\" data-id=\"4a2951c\" data-element_type=\"widget\" data-widget_type=\"spacer.default\">\n\t\t\t\t<div class=\"elementor-widget-container\">\n\t\t\t\t\t\t\t<div class=\"elementor-spacer\">\n\t\t\t<div class=\"elementor-spacer-inner\"><\/div>\n\t\t<\/div>\n\t\t\t\t\t\t<\/div>\n\t\t\t\t<\/div>\n\t\t\t\t<div class=\"elementor-element elementor-element-ecdbc9a elementor-widget elementor-widget-text-editor\" data-id=\"ecdbc9a\" data-element_type=\"widget\" data-widget_type=\"text-editor.default\">\n\t\t\t\t<div class=\"elementor-widget-container\">\n\t\t\t\t\t\t\t\t\t<p>Floremen Lumber es un distribuidor mayorista de madera y materiales de construcci\u00f3n que se enorgullece de servir no solo a los Estados Unidos sino tambi\u00e9n a M\u00e9xico. Desde 2015, hemos trabajado arduamente para obtener madera de la mejor calidad, a la vez de mantener precios razonables para nuestros clientes.<\/p><p>Con cada a\u00f1o que pasa, hemos agregado m\u00e1s productos a nuestro inventario. Actualmente ofrecemos plywood, madera tratada, cedro, pino blanco, amarillo y revestimientos de diferentes grados.<\/p><p>Creemos en tratar a las personas con respeto y nos hacemos responsables de nuestras acciones y resultados. Una vez dada la oportunidad, nuestra \u00fanica promesa: \"Superaremos sus expectativas\".<\/p>\t\t\t\t\t\t\t\t<\/div>\n\t\t\t\t<\/div>\n\t\t\t\t<div class=\"elementor-element elementor-element-acc54d9 gallery-spacing-custom elementor-hidden-mobile elementor-invisible elementor-widget elementor-widget-image-gallery\" data-id=\"acc54d9\" data-element_type=\"widget\" data-settings=\"{&quot;_animation&quot;:&quot;fadeInUp&quot;}\" data-widget_type=\"image-gallery.default\">\n\t\t\t\t<div class=\"elementor-widget-container\">\n\t\t\t\t\t\t\t<div class=\"elementor-image-gallery\">\n\t\t\t<div id='gallery-1' class='gallery galleryid-13 gallery-columns-3 gallery-size-full'><figure class='gallery-item'>\n\t\t\t<div class='gallery-icon landscape'>\n\t\t\t\t<img fetchpriority=\"high\" decoding=\"async\" width=\"320\" height=\"160\" src=\"https:\/\/floremenlumber.com\/wp-content\/uploads\/2021\/12\/About-Gall1.jpeg\" class=\"attachment-full size-full\" alt=\"\" srcset=\"https:\/\/floremenlumber.com\/wp-content\/uploads\/2021\/12\/About-Gall1.jpeg 320w, https:\/\/floremenlumber.com\/wp-content\/uploads\/2021\/12\/About-Gall1-300x150.jpeg 300w, https:\/\/floremenlumber.com\/wp-content\/uploads\/2021\/12\/About-Gall1-18x9.jpeg 18w\" sizes=\"(max-width: 320px) 100vw, 320px\" \/>\n\t\t\t<\/div><\/figure><figure class='gallery-item'>\n\t\t\t<div class='gallery-icon landscape'>\n\t\t\t\t<img decoding=\"async\" width=\"320\" height=\"160\" src=\"https:\/\/floremenlumber.com\/wp-content\/uploads\/2021\/12\/About-Gall2.jpg\" class=\"attachment-full size-full\" alt=\"\" srcset=\"https:\/\/floremenlumber.com\/wp-content\/uploads\/2021\/12\/About-Gall2.jpg 320w, https:\/\/floremenlumber.com\/wp-content\/uploads\/2021\/12\/About-Gall2-300x150.jpg 300w, https:\/\/floremenlumber.com\/wp-content\/uploads\/2021\/12\/About-Gall2-18x9.jpg 18w\" sizes=\"(max-width: 320px) 100vw, 320px\" \/>\n\t\t\t<\/div><\/figure><figure class='gallery-item'>\n\t\t\t<div class='gallery-icon landscape'>\n\t\t\t\t<img decoding=\"async\" width=\"320\" height=\"160\" src=\"https:\/\/floremenlumber.com\/wp-content\/uploads\/2021\/12\/About-Gall3.jpeg\" class=\"attachment-full size-full\" alt=\"\" aria-describedby=\"gallery-1-302\" srcset=\"https:\/\/floremenlumber.com\/wp-content\/uploads\/2021\/12\/About-Gall3.jpeg 320w, https:\/\/floremenlumber.com\/wp-content\/uploads\/2021\/12\/About-Gall3-300x150.jpeg 300w, https:\/\/floremenlumber.com\/wp-content\/uploads\/2021\/12\/About-Gall3-18x9.jpeg 18w\" sizes=\"(max-width: 320px) 100vw, 320px\" \/>\n\t\t\t<\/div>\n\t\t\t\t<figcaption class='wp-caption-text gallery-caption' id='gallery-1-302'>\n\t\t\t\tDigital StillCamera\n\t\t\t\t<\/figcaption><\/figure><figure class='gallery-item'>\n\t\t\t<div class='gallery-icon landscape'>\n\t\t\t\t<img loading=\"lazy\" decoding=\"async\" width=\"320\" height=\"160\" src=\"https:\/\/floremenlumber.com\/wp-content\/uploads\/2021\/12\/About-Gall44.jpg\" class=\"attachment-full size-full\" alt=\"\" srcset=\"https:\/\/floremenlumber.com\/wp-content\/uploads\/2021\/12\/About-Gall44.jpg 320w, https:\/\/floremenlumber.com\/wp-content\/uploads\/2021\/12\/About-Gall44-300x150.jpg 300w, https:\/\/floremenlumber.com\/wp-content\/uploads\/2021\/12\/About-Gall44-18x9.jpg 18w\" sizes=\"(max-width: 320px) 100vw, 320px\" \/>\n\t\t\t<\/div><\/figure><figure class='gallery-item'>\n\t\t\t<div class='gallery-icon landscape'>\n\t\t\t\t<img loading=\"lazy\" decoding=\"async\" width=\"320\" height=\"160\" src=\"https:\/\/floremenlumber.com\/wp-content\/uploads\/2021\/12\/About-Gall5.jpeg\" class=\"attachment-full size-full\" alt=\"\" srcset=\"https:\/\/floremenlumber.com\/wp-content\/uploads\/2021\/12\/About-Gall5.jpeg 320w, https:\/\/floremenlumber.com\/wp-content\/uploads\/2021\/12\/About-Gall5-300x150.jpeg 300w, https:\/\/floremenlumber.com\/wp-content\/uploads\/2021\/12\/About-Gall5-18x9.jpeg 18w\" sizes=\"(max-width: 320px) 100vw, 320px\" \/>\n\t\t\t<\/div><\/figure><figure class='gallery-item'>\n\t\t\t<div class='gallery-icon landscape'>\n\t\t\t\t<img loading=\"lazy\" decoding=\"async\" width=\"320\" height=\"160\" src=\"https:\/\/floremenlumber.com\/wp-content\/uploads\/2021\/12\/About-Gall6.jpg\" class=\"attachment-full size-full\" alt=\"\" srcset=\"https:\/\/floremenlumber.com\/wp-content\/uploads\/2021\/12\/About-Gall6.jpg 320w, https:\/\/floremenlumber.com\/wp-content\/uploads\/2021\/12\/About-Gall6-300x150.jpg 300w, https:\/\/floremenlumber.com\/wp-content\/uploads\/2021\/12\/About-Gall6-18x9.jpg 18w\" sizes=\"(max-width: 320px) 100vw, 320px\" \/>\n\t\t\t<\/div><\/figure>\n\t\t<\/div>\n\t\t<\/div>\n\t\t\t\t\t\t<\/div>\n\t\t\t\t<\/div>\n\t\t\t\t<div class=\"elementor-element elementor-element-01feb8f elementor-hidden-mobile elementor-widget elementor-widget-spacer\" data-id=\"01feb8f\" data-element_type=\"widget\" data-widget_type=\"spacer.default\">\n\t\t\t\t<div class=\"elementor-widget-container\">\n\t\t\t\t\t\t\t<div class=\"elementor-spacer\">\n\t\t\t<div class=\"elementor-spacer-inner\"><\/div>\n\t\t<\/div>\n\t\t\t\t\t\t<\/div>\n\t\t\t\t<\/div>\n\t\t\t\t\t<\/div>\n\t\t<\/div>\n\t\t\t\t\t<\/div>\n\t\t<\/section>\n\t\t\t\t<section class=\"elementor-section elementor-top-section elementor-element elementor-element-37c31ee elementor-hidden-desktop elementor-hidden-tablet elementor-section-boxed elementor-section-height-default elementor-section-height-default\" data-id=\"37c31ee\" data-element_type=\"section\">\n\t\t\t\t\t\t<div class=\"elementor-container elementor-column-gap-narrow\">\n\t\t\t\t\t<div class=\"elementor-column elementor-col-16 elementor-top-column elementor-element elementor-element-3f58737\" data-id=\"3f58737\" data-element_type=\"column\">\n\t\t\t<div class=\"elementor-widget-wrap elementor-element-populated\">\n\t\t\t\t\t\t<div class=\"elementor-element elementor-element-cb0de98 elementor-widget elementor-widget-image\" data-id=\"cb0de98\" data-element_type=\"widget\" data-widget_type=\"image.default\">\n\t\t\t\t<div class=\"elementor-widget-container\">\n\t\t\t\t\t\t\t\t\t\t\t\t\t\t\t<img loading=\"lazy\" decoding=\"async\" width=\"320\" height=\"160\" src=\"https:\/\/floremenlumber.com\/wp-content\/uploads\/2021\/12\/About-Gall1.jpeg\" class=\"attachment-full size-full wp-image-300\" alt=\"\" srcset=\"https:\/\/floremenlumber.com\/wp-content\/uploads\/2021\/12\/About-Gall1.jpeg 320w, https:\/\/floremenlumber.com\/wp-content\/uploads\/2021\/12\/About-Gall1-300x150.jpeg 300w, https:\/\/floremenlumber.com\/wp-content\/uploads\/2021\/12\/About-Gall1-18x9.jpeg 18w\" sizes=\"(max-width: 320px) 100vw, 320px\" \/>\t\t\t\t\t\t\t\t\t\t\t\t\t\t\t<\/div>\n\t\t\t\t<\/div>\n\t\t\t\t\t<\/div>\n\t\t<\/div>\n\t\t\t\t<div class=\"elementor-column elementor-col-16 elementor-top-column elementor-element elementor-element-01671d7\" data-id=\"01671d7\" data-element_type=\"column\">\n\t\t\t<div class=\"elementor-widget-wrap elementor-element-populated\">\n\t\t\t\t\t\t<div class=\"elementor-element elementor-element-6dc990b elementor-widget elementor-widget-image\" data-id=\"6dc990b\" data-element_type=\"widget\" data-widget_type=\"image.default\">\n\t\t\t\t<div class=\"elementor-widget-container\">\n\t\t\t\t\t\t\t\t\t\t\t\t\t\t\t<img loading=\"lazy\" decoding=\"async\" width=\"320\" height=\"160\" src=\"https:\/\/floremenlumber.com\/wp-content\/uploads\/2021\/12\/About-Gall2.jpg\" class=\"attachment-full size-full wp-image-301\" alt=\"\" srcset=\"https:\/\/floremenlumber.com\/wp-content\/uploads\/2021\/12\/About-Gall2.jpg 320w, https:\/\/floremenlumber.com\/wp-content\/uploads\/2021\/12\/About-Gall2-300x150.jpg 300w, https:\/\/floremenlumber.com\/wp-content\/uploads\/2021\/12\/About-Gall2-18x9.jpg 18w\" sizes=\"(max-width: 320px) 100vw, 320px\" \/>\t\t\t\t\t\t\t\t\t\t\t\t\t\t\t<\/div>\n\t\t\t\t<\/div>\n\t\t\t\t\t<\/div>\n\t\t<\/div>\n\t\t\t\t<div class=\"elementor-column elementor-col-16 elementor-top-column elementor-element elementor-element-794d43e\" data-id=\"794d43e\" data-element_type=\"column\">\n\t\t\t<div class=\"elementor-widget-wrap elementor-element-populated\">\n\t\t\t\t\t\t<div class=\"elementor-element elementor-element-aecbd26 elementor-widget elementor-widget-image\" data-id=\"aecbd26\" data-element_type=\"widget\" data-widget_type=\"image.default\">\n\t\t\t\t<div class=\"elementor-widget-container\">\n\t\t\t\t\t\t\t\t\t\t\t\t\t\t\t<img loading=\"lazy\" decoding=\"async\" width=\"320\" height=\"160\" src=\"https:\/\/floremenlumber.com\/wp-content\/uploads\/2021\/12\/About-Gall3.jpeg\" class=\"attachment-full size-full wp-image-302\" alt=\"\" srcset=\"https:\/\/floremenlumber.com\/wp-content\/uploads\/2021\/12\/About-Gall3.jpeg 320w, https:\/\/floremenlumber.com\/wp-content\/uploads\/2021\/12\/About-Gall3-300x150.jpeg 300w, https:\/\/floremenlumber.com\/wp-content\/uploads\/2021\/12\/About-Gall3-18x9.jpeg 18w\" sizes=\"(max-width: 320px) 100vw, 320px\" \/>\t\t\t\t\t\t\t\t\t\t\t\t\t\t\t<\/div>\n\t\t\t\t<\/div>\n\t\t\t\t\t<\/div>\n\t\t<\/div>\n\t\t\t\t<div class=\"elementor-column elementor-col-16 elementor-top-column elementor-element elementor-element-567f63d\" data-id=\"567f63d\" data-element_type=\"column\">\n\t\t\t<div class=\"elementor-widget-wrap elementor-element-populated\">\n\t\t\t\t\t\t<div class=\"elementor-element elementor-element-3908c34 elementor-widget elementor-widget-image\" data-id=\"3908c34\" data-element_type=\"widget\" data-widget_type=\"image.default\">\n\t\t\t\t<div class=\"elementor-widget-container\">\n\t\t\t\t\t\t\t\t\t\t\t\t\t\t\t<img loading=\"lazy\" decoding=\"async\" width=\"320\" height=\"160\" src=\"https:\/\/floremenlumber.com\/wp-content\/uploads\/2021\/12\/About-Gall44.jpg\" class=\"attachment-full size-full wp-image-306\" alt=\"\" srcset=\"https:\/\/floremenlumber.com\/wp-content\/uploads\/2021\/12\/About-Gall44.jpg 320w, https:\/\/floremenlumber.com\/wp-content\/uploads\/2021\/12\/About-Gall44-300x150.jpg 300w, https:\/\/floremenlumber.com\/wp-content\/uploads\/2021\/12\/About-Gall44-18x9.jpg 18w\" sizes=\"(max-width: 320px) 100vw, 320px\" \/>\t\t\t\t\t\t\t\t\t\t\t\t\t\t\t<\/div>\n\t\t\t\t<\/div>\n\t\t\t\t\t<\/div>\n\t\t<\/div>\n\t\t\t\t<div class=\"elementor-column elementor-col-16 elementor-top-column elementor-element elementor-element-a79e301\" data-id=\"a79e301\" data-element_type=\"column\">\n\t\t\t<div class=\"elementor-widget-wrap elementor-element-populated\">\n\t\t\t\t\t\t<div class=\"elementor-element elementor-element-891d477 elementor-widget elementor-widget-image\" data-id=\"891d477\" data-element_type=\"widget\" data-widget_type=\"image.default\">\n\t\t\t\t<div class=\"elementor-widget-container\">\n\t\t\t\t\t\t\t\t\t\t\t\t\t\t\t<img loading=\"lazy\" decoding=\"async\" width=\"320\" height=\"160\" src=\"https:\/\/floremenlumber.com\/wp-content\/uploads\/2021\/12\/About-Gall5.jpeg\" class=\"attachment-full size-full wp-image-304\" alt=\"\" srcset=\"https:\/\/floremenlumber.com\/wp-content\/uploads\/2021\/12\/About-Gall5.jpeg 320w, https:\/\/floremenlumber.com\/wp-content\/uploads\/2021\/12\/About-Gall5-300x150.jpeg 300w, https:\/\/floremenlumber.com\/wp-content\/uploads\/2021\/12\/About-Gall5-18x9.jpeg 18w\" sizes=\"(max-width: 320px) 100vw, 320px\" \/>\t\t\t\t\t\t\t\t\t\t\t\t\t\t\t<\/div>\n\t\t\t\t<\/div>\n\t\t\t\t\t<\/div>\n\t\t<\/div>\n\t\t\t\t<div class=\"elementor-column elementor-col-16 elementor-top-column elementor-element elementor-element-94816f0\" data-id=\"94816f0\" data-element_type=\"column\">\n\t\t\t<div class=\"elementor-widget-wrap elementor-element-populated\">\n\t\t\t\t\t\t<div class=\"elementor-element elementor-element-2972684 elementor-widget elementor-widget-image\" data-id=\"2972684\" data-element_type=\"widget\" data-widget_type=\"image.default\">\n\t\t\t\t<div class=\"elementor-widget-container\">\n\t\t\t\t\t\t\t\t\t\t\t\t\t\t\t<img loading=\"lazy\" decoding=\"async\" width=\"320\" height=\"160\" src=\"https:\/\/floremenlumber.com\/wp-content\/uploads\/2021\/12\/About-Gall6.jpg\" class=\"attachment-full size-full wp-image-305\" alt=\"\" srcset=\"https:\/\/floremenlumber.com\/wp-content\/uploads\/2021\/12\/About-Gall6.jpg 320w, https:\/\/floremenlumber.com\/wp-content\/uploads\/2021\/12\/About-Gall6-300x150.jpg 300w, https:\/\/floremenlumber.com\/wp-content\/uploads\/2021\/12\/About-Gall6-18x9.jpg 18w\" sizes=\"(max-width: 320px) 100vw, 320px\" \/>\t\t\t\t\t\t\t\t\t\t\t\t\t\t\t<\/div>\n\t\t\t\t<\/div>\n\t\t\t\t<div class=\"elementor-element elementor-element-861f6fd elementor-widget elementor-widget-spacer\" data-id=\"861f6fd\" data-element_type=\"widget\" data-widget_type=\"spacer.default\">\n\t\t\t\t<div class=\"elementor-widget-container\">\n\t\t\t\t\t\t\t<div class=\"elementor-spacer\">\n\t\t\t<div class=\"elementor-spacer-inner\"><\/div>\n\t\t<\/div>\n\t\t\t\t\t\t<\/div>\n\t\t\t\t<\/div>\n\t\t\t\t\t<\/div>\n\t\t<\/div>\n\t\t\t\t\t<\/div>\n\t\t<\/section>\n\t\t\t\t<section class=\"elementor-section elementor-top-section elementor-element elementor-element-e1ece32 elementor-section-height-min-height elementor-section-boxed elementor-section-height-default elementor-section-items-middle\" data-id=\"e1ece32\" data-element_type=\"section\" data-settings=\"{&quot;background_background&quot;:&quot;classic&quot;}\">\n\t\t\t\t\t\t<div class=\"elementor-container elementor-column-gap-default\">\n\t\t\t\t\t<div class=\"elementor-column elementor-col-100 elementor-top-column elementor-element elementor-element-f2d4ded\" data-id=\"f2d4ded\" data-element_type=\"column\">\n\t\t\t<div class=\"elementor-widget-wrap elementor-element-populated\">\n\t\t\t\t\t\t<div class=\"elementor-element elementor-element-a3ab6da elementor-widget elementor-widget-text-editor\" data-id=\"a3ab6da\" data-element_type=\"widget\" data-widget_type=\"text-editor.default\">\n\t\t\t\t<div class=\"elementor-widget-container\">\n\t\t\t\t\t\t\t\t\t<p>Esperamos que disfruten de nuestros servicios tanto como nosotros disfrutamos ofreci\u00e9ndolos. <a href=\"https:\/\/floremenlumber.com\/es\/contact\/\"><span style=\"color: #ff6600;\">Cont\u00e1ctanos<\/span><\/a> para cualquier duda. \u00a1Estamos aqu\u00ed para ayudar!<\/p>\t\t\t\t\t\t\t\t<\/div>\n\t\t\t\t<\/div>\n\t\t\t\t<div class=\"elementor-element elementor-element-37c2417 elementor-icon-list--layout-inline elementor-align-center elementor-list-item-link-full_width elementor-widget elementor-widget-icon-list\" data-id=\"37c2417\" data-element_type=\"widget\" data-widget_type=\"icon-list.default\">\n\t\t\t\t<div class=\"elementor-widget-container\">\n\t\t\t\t\t\t\t<ul class=\"elementor-icon-list-items elementor-inline-items\">\n\t\t\t\t\t\t\t<li class=\"elementor-icon-list-item elementor-inline-item\">\n\t\t\t\t\t\t\t\t\t\t\t<span class=\"elementor-icon-list-icon\">\n\t\t\t\t\t\t\t<i aria-hidden=\"true\" class=\"fas fa-phone-alt\"><\/i>\t\t\t\t\t\t<\/span>\n\t\t\t\t\t\t\t\t\t\t<span class=\"elementor-icon-list-text\">956-561-6685<\/span>\n\t\t\t\t\t\t\t\t\t<\/li>\n\t\t\t\t\t\t<\/ul>\n\t\t\t\t\t\t<\/div>\n\t\t\t\t<\/div>\n\t\t\t\t\t<\/div>\n\t\t<\/div>\n\t\t\t\t\t<\/div>\n\t\t<\/section>\n\t\t\t\t<\/div>","protected":false},"excerpt":{"rendered":"<p>Our Market Floremen Lumber is a wholesale lumber and building materials distributor, proudly serving not only the United States but also Mexico. Since 2015, we have worked hard to obtain the best quality lumber while at the same time maintaining reasonable prices for our customers. With each passing year we have added more products to [&hellip;]<\/p>","protected":false},"author":1,"featured_media":0,"parent":0,"menu_order":0,"comment_status":"closed","ping_status":"closed","template":"elementor_header_footer","meta":{"ocean_post_layout":"","ocean_both_sidebars_style":"","ocean_both_sidebars_content_width":0,"ocean_both_sidebars_sidebars_width":0,"ocean_sidebar":"","ocean_second_sidebar":"","ocean_disable_margins":"enable","ocean_add_body_class":"","ocean_shortcode_before_top_bar":"","ocean_shortcode_after_top_bar":"","ocean_shortcode_before_header":"","ocean_shortcode_after_header":"","ocean_has_shortcode":"","ocean_shortcode_after_title":"","ocean_shortcode_before_footer_widgets":"","ocean_shortcode_after_footer_widgets":"","ocean_shortcode_before_footer_bottom":"","ocean_shortcode_after_footer_bottom":"","ocean_display_top_bar":"default","ocean_display_header":"default","ocean_header_style":"","ocean_center_header_left_menu":"","ocean_custom_header_template":"","ocean_custom_logo":0,"ocean_custom_retina_logo":0,"ocean_custom_logo_max_width":0,"ocean_custom_logo_tablet_max_width":0,"ocean_custom_logo_mobile_max_width":0,"ocean_custom_logo_max_height":0,"ocean_custom_logo_tablet_max_height":0,"ocean_custom_logo_mobile_max_height":0,"ocean_header_custom_menu":"","ocean_menu_typo_font_family":"","ocean_menu_typo_font_subset":"","ocean_menu_typo_font_size":0,"ocean_menu_typo_font_size_tablet":0,"ocean_menu_typo_font_size_mobile":0,"ocean_menu_typo_font_size_unit":"px","ocean_menu_typo_font_weight":"","ocean_menu_typo_font_weight_tablet":"","ocean_menu_typo_font_weight_mobile":"","ocean_menu_typo_transform":"","ocean_menu_typo_transform_tablet":"","ocean_menu_typo_transform_mobile":"","ocean_menu_typo_line_height":0,"ocean_menu_typo_line_height_tablet":0,"ocean_menu_typo_line_height_mobile":0,"ocean_menu_typo_line_height_unit":"","ocean_menu_typo_spacing":0,"ocean_menu_typo_spacing_tablet":0,"ocean_menu_typo_spacing_mobile":0,"ocean_menu_typo_spacing_unit":"","ocean_menu_link_color":"","ocean_menu_link_color_hover":"","ocean_menu_link_color_active":"","ocean_menu_link_background":"","ocean_menu_link_hover_background":"","ocean_menu_link_active_background":"","ocean_menu_social_links_bg":"","ocean_menu_social_hover_links_bg":"","ocean_menu_social_links_color":"","ocean_menu_social_hover_links_color":"","ocean_disable_title":"default","ocean_disable_heading":"default","ocean_post_title":"","ocean_post_subheading":"","ocean_post_title_style":"","ocean_post_title_background_color":"","ocean_post_title_background":0,"ocean_post_title_bg_image_position":"","ocean_post_title_bg_image_attachment":"","ocean_post_title_bg_image_repeat":"","ocean_post_title_bg_image_size":"","ocean_post_title_height":0,"ocean_post_title_bg_overlay":0.5,"ocean_post_title_bg_overlay_color":"","ocean_disable_breadcrumbs":"default","ocean_breadcrumbs_color":"","ocean_breadcrumbs_separator_color":"","ocean_breadcrumbs_links_color":"","ocean_breadcrumbs_links_hover_color":"","ocean_display_footer_widgets":"default","ocean_display_footer_bottom":"default","ocean_custom_footer_template":"","footnotes":""},"class_list":["post-13","page","type-page","status-publish","hentry","entry"],"_links":{"self":[{"href":"https:\/\/floremenlumber.com\/es\/wp-json\/wp\/v2\/pages\/13","targetHints":{"allow":["GET"]}}],"collection":[{"href":"https:\/\/floremenlumber.com\/es\/wp-json\/wp\/v2\/pages"}],"about":[{"href":"https:\/\/floremenlumber.com\/es\/wp-json\/wp\/v2\/types\/page"}],"author":[{"embeddable":true,"href":"https:\/\/floremenlumber.com\/es\/wp-json\/wp\/v2\/users\/1"}],"replies":[{"embeddable":true,"href":"https:\/\/floremenlumber.com\/es\/wp-json\/wp\/v2\/comments?post=13"}],"version-history":[{"count":65,"href":"https:\/\/floremenlumber.com\/es\/wp-json\/wp\/v2\/pages\/13\/revisions"}],"predecessor-version":[{"id":578,"href":"https:\/\/floremenlumber.com\/es\/wp-json\/wp\/v2\/pages\/13\/revisions\/578"}],"wp:attachment":[{"href":"https:\/\/floremenlumber.com\/es\/wp-json\/wp\/v2\/media?parent=13"}],"curies":[{"name":"wp","href":"https:\/\/api.w.org\/{rel}","templated":true}]}}